{"id":10202,"date":"2021-10-18T08:34:14","date_gmt":"2021-10-18T08:34:14","guid":{"rendered":"http:\/\/projetoredes.org\/wp\/?page_id=10202"},"modified":"2023-10-09T08:35:10","modified_gmt":"2023-10-09T08:35:10","slug":"docente-de-educacao-especial","status":"publish","type":"page","link":"http:\/\/projetoredes.org\/wp\/?page_id=10202","title":{"rendered":"Docente de educa\u00e7\u00e3o especial"},"content":{"rendered":"<div id=\"pl-10202\"  class=\"panel-layout\" ><div id=\"pg-10202-0\"  class=\"panel-grid panel-no-style\" ><div id=\"pgc-10202-0-0\"  class=\"panel-grid-cell\" ><div id=\"panel-10202-0-0-0\" class=\"so-panel widget widget_black-studio-tinymce widget_black_studio_tinymce panel-first-child panel-last-child\" data-index=\"0\" ><div class=\"textwidget\"><h3>Atualizado em 9 de outubro de 2023<\/h3>\n<\/div><\/div><\/div><\/div><div id=\"pg-10202-1\"  class=\"panel-grid panel-no-style\" ><div id=\"pgc-10202-1-0\"  class=\"panel-grid-cell\" ><div id=\"panel-10202-1-0-0\" class=\"so-panel widget widget_black-studio-tinymce widget_black_studio_tinymce panel-first-child panel-last-child\" data-index=\"1\" ><div class=\"panel-widget-style panel-widget-style-for-10202-1-0-0\" ><div class=\"textwidget\"><h1><span style=\"color: #ffffff;\"><b>DOCENTE ESPECIALIZADO (GRUPO 920)<\/b><\/span><\/h1>\n<\/div><\/div><\/div><\/div><\/div><div id=\"pg-10202-2\"  class=\"panel-grid panel-no-style\" ><div id=\"pgc-10202-2-0\"  class=\"panel-grid-cell\" ><div id=\"panel-10202-2-0-0\" class=\"so-panel widget widget_black-studio-tinymce widget_black_studio_tinymce panel-first-child panel-last-child\" data-index=\"2\" ><div class=\"textwidget\"><p><div class=\"arve alignleft\" data-mode=\"normal\" data-oembed=\"1\" data-provider=\"youtube\" id=\"arve-youtube-msjk9gcoclu\" style=\"max-width:320px;\">\n<div class=\"arve-inner\">\n<div class=\"arve-embed arve-embed--has-aspect-ratio\">\n<span class=\"arve-ar\" style=\"padding-top:56.250000%\"><\/span><iframe credentialless referrerpolicy=\"strict-origin-when-cross-origin\" allow=\"accelerometer &#039;none&#039;;ambient-light-sensor &#039;none&#039;;autoplay &#039;none&#039;;battery &#039;none&#039;;bluetooth &#039;none&#039;;browsing-topics &#039;none&#039;;camera &#039;none&#039;;ch-ua &#039;none&#039;;clipboard-read &#039;none&#039;;clipboard-write;display-capture &#039;none&#039;;document-domain &#039;none&#039;;domain-agent &#039;none&#039;;encrypted-media &#039;none&#039;;execution-while-not-rendered &#039;none&#039;;execution-while-out-of-viewport &#039;none&#039;;gamepad &#039;none&#039;;geolocation &#039;none&#039;;gyroscope &#039;none&#039;;hid &#039;none&#039;;identity-credentials-get &#039;none&#039;;idle-detection &#039;none&#039;;keyboard-map &#039;none&#039;;local-fonts &#039;none&#039;;magnetometer &#039;none&#039;;microphone &#039;none&#039;;midi &#039;none&#039;;navigation-override &#039;none&#039;;otp-credentials &#039;none&#039;;payment &#039;none&#039;;picture-in-picture;publickey-credentials-create &#039;none&#039;;publickey-credentials-get &#039;none&#039;;screen-wake-lock &#039;none&#039;;serial &#039;none&#039;;speaker-selection;sync-xhr &#039;none&#039;;usb &#039;none&#039;;web-share;window-management &#039;none&#039;;xr-spatial-tracking &#039;none&#039;;\" allowfullscreen class=\"arve-iframe fitvidsignore\" data-arve=\"arve-youtube-msjk9gcoclu\" data-src-no-ap=\"https:\/\/www.youtube.com\/embed\/MSJk9gCOCLU?feature=oembed&amp;iv_load_policy=3&amp;modestbranding=1&amp;rel=0&amp;autohide=1&amp;playsinline=0&amp;autoplay=0\" frameborder=\"0\" height=\"180\" name sandbox=\"allow-scripts allow-same-origin allow-presentation allow-popups allow-popups-to-escape-sandbox\" scrolling=\"no\" src=\"https:\/\/www.youtube.com\/embed\/MSJk9gCOCLU?feature=oembed&#038;iv_load_policy=3&#038;modestbranding=1&#038;rel=0&#038;autohide=1&#038;playsinline=0&#038;autoplay=0\" width=\"320\" title loading=\"lazy\"><\/iframe>\n\n<\/div>\n\n<\/div>\n<script type=\"application\/ld+json\">{\"@context\":\"http:\\\/\\\/schema.org\\\/\",\"@id\":\"http:\\\/\\\/projetoredes.org\\\/wp\\\/?page_id=10202#arve-youtube-msjk9gcoclu\",\"type\":\"VideoObject\",\"embedURL\":\"https:\\\/\\\/www.youtube.com\\\/embed\\\/MSJk9gCOCLU?feature=oembed&iv_load_policy=3&modestbranding=1&rel=0&autohide=1&playsinline=0&autoplay=0\"}<\/script>\n<\/div>\n<\/p>\n<\/div><\/div><\/div><div id=\"pgc-10202-2-1\"  class=\"panel-grid-cell\" ><div id=\"panel-10202-2-1-0\" class=\"so-panel widget widget_black-studio-tinymce widget_black_studio_tinymce panel-first-child panel-last-child\" data-index=\"3\" ><div class=\"textwidget\"><p><span class=\"\" style=\"display:block;clear:both;height: 0px;padding-top: 20px;border-top-width:0px;border-bottom-width:0px;\"><\/span><br \/>\nEm julho de 2018, o Agrupamento Eug\u00e9nio de Andrade elaborou Normas orientadoras para a inclus\u00e3o e, em espec\u00edfico, para o funcionamento das Escolas de Refer\u00eancia de Educa\u00e7\u00e3o de Surdos (EREBAS).<br \/>\nNessas Normas ficou definido o papel do Docente de Educa\u00e7\u00e3o Especial do grupo 920 (surdez).<\/p>\n<\/div><\/div><\/div><\/div><div id=\"pg-10202-3\"  class=\"panel-grid panel-no-style\" ><div id=\"pgc-10202-3-0\"  class=\"panel-grid-cell\" ><div id=\"panel-10202-3-0-0\" class=\"so-panel widget widget_black-studio-tinymce widget_black_studio_tinymce panel-first-child panel-last-child\" data-index=\"4\" ><div class=\"panel-widget-style panel-widget-style-for-10202-3-0-0\" ><div class=\"textwidget\"><\/div><\/div><\/div><\/div><\/div><div id=\"pg-10202-4\"  class=\"panel-grid panel-no-style\" ><div id=\"pgc-10202-4-0\"  class=\"panel-grid-cell\" ><div id=\"panel-10202-4-0-0\" class=\"so-panel widget widget_black-studio-tinymce widget_black_studio_tinymce panel-first-child panel-last-child\" data-index=\"5\" ><div class=\"textwidget\"><p><div class=\"arve alignleft\" data-mode=\"normal\" data-oembed=\"1\" data-provider=\"youtube\" id=\"arve-youtube-dofkyvpg5vu\" style=\"max-width:320px;\">\n<div class=\"arve-inner\">\n<div class=\"arve-embed arve-embed--has-aspect-ratio\">\n<span class=\"arve-ar\" style=\"padding-top:56.250000%\"><\/span><iframe credentialless referrerpolicy=\"strict-origin-when-cross-origin\" allow=\"accelerometer &#039;none&#039;;ambient-light-sensor &#039;none&#039;;autoplay &#039;none&#039;;battery &#039;none&#039;;bluetooth &#039;none&#039;;browsing-topics &#039;none&#039;;camera &#039;none&#039;;ch-ua &#039;none&#039;;clipboard-read &#039;none&#039;;clipboard-write;display-capture &#039;none&#039;;document-domain &#039;none&#039;;domain-agent &#039;none&#039;;encrypted-media &#039;none&#039;;execution-while-not-rendered &#039;none&#039;;execution-while-out-of-viewport &#039;none&#039;;gamepad &#039;none&#039;;geolocation &#039;none&#039;;gyroscope &#039;none&#039;;hid &#039;none&#039;;identity-credentials-get &#039;none&#039;;idle-detection &#039;none&#039;;keyboard-map &#039;none&#039;;local-fonts &#039;none&#039;;magnetometer &#039;none&#039;;microphone &#039;none&#039;;midi &#039;none&#039;;navigation-override &#039;none&#039;;otp-credentials &#039;none&#039;;payment &#039;none&#039;;picture-in-picture;publickey-credentials-create &#039;none&#039;;publickey-credentials-get &#039;none&#039;;screen-wake-lock &#039;none&#039;;serial &#039;none&#039;;speaker-selection;sync-xhr &#039;none&#039;;usb &#039;none&#039;;web-share;window-management &#039;none&#039;;xr-spatial-tracking &#039;none&#039;;\" allowfullscreen class=\"arve-iframe fitvidsignore\" data-arve=\"arve-youtube-dofkyvpg5vu\" data-src-no-ap=\"https:\/\/www.youtube.com\/embed\/dOfkyvPG5vU?feature=oembed&amp;iv_load_policy=3&amp;modestbranding=1&amp;rel=0&amp;autohide=1&amp;playsinline=0&amp;autoplay=0\" frameborder=\"0\" height=\"180\" name sandbox=\"allow-scripts allow-same-origin allow-presentation allow-popups allow-popups-to-escape-sandbox\" scrolling=\"no\" src=\"https:\/\/www.youtube.com\/embed\/dOfkyvPG5vU?feature=oembed&#038;iv_load_policy=3&#038;modestbranding=1&#038;rel=0&#038;autohide=1&#038;playsinline=0&#038;autoplay=0\" width=\"320\" title loading=\"lazy\"><\/iframe>\n\n<\/div>\n\n<\/div>\n<script type=\"application\/ld+json\">{\"@context\":\"http:\\\/\\\/schema.org\\\/\",\"@id\":\"http:\\\/\\\/projetoredes.org\\\/wp\\\/?page_id=10202#arve-youtube-dofkyvpg5vu\",\"type\":\"VideoObject\",\"embedURL\":\"https:\\\/\\\/www.youtube.com\\\/embed\\\/dOfkyvPG5vU?feature=oembed&iv_load_policy=3&modestbranding=1&rel=0&autohide=1&playsinline=0&autoplay=0\"}<\/script>\n<\/div>\n<\/p>\n<\/div><\/div><\/div><div id=\"pgc-10202-4-1\"  class=\"panel-grid-cell\" ><div id=\"panel-10202-4-1-0\" class=\"so-panel widget widget_sow-editor panel-first-child panel-last-child\" data-index=\"6\" ><div\n\t\t\t\n\t\t\tclass=\"so-widget-sow-editor so-widget-sow-editor-base\"\n\t\t\t\n\t\t>\n<div class=\"siteorigin-widget-tinymce textwidget\">\n\t<p><strong><span class=\"\" style=\"display:block;clear:both;height: 0px;padding-top: 40px;border-top-width:0px;border-bottom-width:0px;\"><\/span><span style=\"color: #3366ff;\">Sec\u00e7\u00e3o I<\/span><br \/>\n<span style=\"color: #3366ff;\">Fun\u00e7\u00f5es dos docentes do grupo 920<\/span><\/strong><\/p>\n<\/div>\n<\/div><\/div><\/div><\/div><div id=\"pg-10202-5\"  class=\"panel-grid panel-no-style\" ><div id=\"pgc-10202-5-0\"  class=\"panel-grid-cell\" ><div id=\"panel-10202-5-0-0\" class=\"so-panel widget widget_black-studio-tinymce widget_black_studio_tinymce panel-first-child panel-last-child\" data-index=\"7\" ><div class=\"textwidget\"><p><span class=\"\" style=\"display:block;clear:both;height: 0px;padding-top: 20px;border-top-width:0px;border-bottom-width:0px;\"><\/span><\/p>\n<p>1- No caso da educa\u00e7\u00e3o pr\u00e9-escolar e 1.\u00ba ciclo deve existir um docente do grupo 920, a tempo inteiro, em cada grupo\/turma bilingue.<br \/>\n2- - Aos docentes do grupo 920, especializados na \u00e1rea da surdez, compete:<br \/>\na)\tCoadjuvar \u00e1reas ou disciplinas espec\u00edficas nos grupos\/turmas bil\u00edngues, atendendo \u00e0 sua habilita\u00e7\u00e3o profissional para a doc\u00eancia e \u00e0 sua compet\u00eancia em LGP;<br \/>\nb)\tAssegurar a coadjuva\u00e7\u00e3o com o Docente Titular de grupo\/turma bil\u00edngue da educa\u00e7\u00e3o pr\u00e9-escolar e do 1.\u00ba ciclo;<br \/>\nc)\tDesenvolver a l\u00edngua portuguesa como l\u00edngua segunda nos grupos\/turmas bil\u00edngues;<br \/>\nd)\tApoiar os alunos surdos das turmas bil\u00edngues, em contexto de aula ou de Centro de Apoio \u00e0 Aprendizagem;<br \/>\ne)\tAssegurar, em parceria, as fun\u00e7\u00f5es de Dire\u00e7\u00e3o de Turma das turmas bil\u00edngues dos 2.\u00ba e 3.\u00ba ciclos;<br \/>\nf)\tApoiar os alunos surdos que frequentam grupos\/turmas de ensino regular atrav\u00e9s da antecipa\u00e7\u00e3o e refor\u00e7o das aprendizagens, nas diferentes \u00e1reas de desenvolvimento, em especial, no dom\u00ednio do Portugu\u00eas oral e escrito;<br \/>\ng)\tApoiar, direta ou indiretamente, os docentes do ensino regular e\/ou das turmas bil\u00edngues, na concretiza\u00e7\u00e3o das medidas de suporte \u00e0 aprendizagem e \u00e0 inclus\u00e3o;<br \/>\nh)\tElaborar e adaptar materiais para os alunos surdos;<br \/>\ni)\tParticipar na elabora\u00e7\u00e3o, implementa\u00e7\u00e3o e avalia\u00e7\u00e3o do relat\u00f3rio t\u00e9cnico-pedag\u00f3gico  dos alunos surdos, e do Programa educativo individual, se aplic\u00e1vel.<br \/>\nj)\tPromover a avalia\u00e7\u00e3o\/ reavalia\u00e7\u00e3o, encaminhamento e acompanhamento \u00e0s consultas m\u00e9dicas de especialidade (Pediatria, Pediatria do Desenvolvimento, Pedopsiquiatria e Neuropediatria), no sentido de esclarecer condi\u00e7\u00f5es cl\u00ednicas com impacto na atividade e participa\u00e7\u00e3o do aluno, a curto, m\u00e9dio e longo prazo.<\/p>\n<\/div><\/div><\/div><\/div><\/div>","protected":false},"excerpt":{"rendered":"<p>Atualizado em 9 de outubro de 2023 DOCENTE ESPECIALIZADO (GRUPO 920)<\/p>\n","protected":false},"author":2,"featured_media":0,"parent":0,"menu_order":0,"comment_status":"closed","ping_status":"closed","template":"full-width-page.php","meta":{"footnotes":""},"_links":{"self":[{"href":"http:\/\/projetoredes.org\/wp\/index.php?rest_route=\/wp\/v2\/pages\/10202"}],"collection":[{"href":"http:\/\/projetoredes.org\/wp\/index.php?rest_route=\/wp\/v2\/pages"}],"about":[{"href":"http:\/\/projetoredes.org\/wp\/index.php?rest_route=\/wp\/v2\/types\/page"}],"author":[{"embeddable":true,"href":"http:\/\/projetoredes.org\/wp\/index.php?rest_route=\/wp\/v2\/users\/2"}],"replies":[{"embeddable":true,"href":"http:\/\/projetoredes.org\/wp\/index.php?rest_route=%2Fwp%2Fv2%2Fcomments&post=10202"}],"version-history":[{"count":15,"href":"http:\/\/projetoredes.org\/wp\/index.php?rest_route=\/wp\/v2\/pages\/10202\/revisions"}],"predecessor-version":[{"id":11522,"href":"http:\/\/projetoredes.org\/wp\/index.php?rest_route=\/wp\/v2\/pages\/10202\/revisions\/11522"}],"wp:attachment":[{"href":"http:\/\/projetoredes.org\/wp\/index.php?rest_route=%2Fwp%2Fv2%2Fmedia&parent=10202"}],"curies":[{"name":"wp","href":"https:\/\/api.w.org\/{rel}","templated":true}]}}