{"id":10787,"date":"2022-03-10T11:53:18","date_gmt":"2022-03-10T11:53:18","guid":{"rendered":"http:\/\/projetoredes.org\/wp\/?page_id=10787"},"modified":"2022-03-14T12:49:42","modified_gmt":"2022-03-14T12:49:42","slug":"matematica","status":"publish","type":"page","link":"http:\/\/projetoredes.org\/wp\/?page_id=10787","title":{"rendered":"Matem\u00e1tica"},"content":{"rendered":"<div id=\"pl-10787\"  class=\"panel-layout\" ><div id=\"pg-10787-0\"  class=\"panel-grid panel-no-style\" ><div id=\"pgc-10787-0-0\"  class=\"panel-grid-cell\" ><div id=\"panel-10787-0-0-0\" class=\"so-panel widget widget_black-studio-tinymce widget_black_studio_tinymce panel-first-child\" data-index=\"0\" ><div class=\"textwidget\"><h3>Atualizado em 14 de mar\u00e7o de 2022<\/h3>\n<\/div><\/div><div id=\"panel-10787-0-0-1\" class=\"so-panel widget widget_black-studio-tinymce widget_black_studio_tinymce panel-last-child\" data-index=\"1\" ><div class=\"panel-widget-style panel-widget-style-for-10787-0-0-1\" ><div class=\"textwidget\"><h1><span style=\"color: #ffffff;\"><b>MATEM\u00c1TICA<\/b><\/span><\/h1>\n<\/div><\/div><\/div><\/div><\/div><div id=\"pg-10787-1\"  class=\"panel-grid panel-no-style\" ><div id=\"pgc-10787-1-0\"  class=\"panel-grid-cell\" ><div id=\"panel-10787-1-0-0\" class=\"so-panel widget widget_black-studio-tinymce widget_black_studio_tinymce panel-first-child panel-last-child\" data-index=\"2\" ><div class=\"textwidget\"><p>Todos os materiais foram constru\u00eddos pelo Projeto REDES.<\/p>\n<\/div><\/div><\/div><\/div><div id=\"pg-10787-2\"  class=\"panel-grid panel-no-style\" ><div id=\"pgc-10787-2-0\"  class=\"panel-grid-cell\" ><div id=\"panel-10787-2-0-0\" class=\"so-panel widget widget_black-studio-tinymce widget_black_studio_tinymce panel-first-child panel-last-child\" data-index=\"3\" ><div class=\"panel-widget-style panel-widget-style-for-10787-2-0-0\" ><div class=\"textwidget\"><h1><span style=\"color: #ffffff;\"><b>Dia do Pi - (14 de mar\u00e7o)<\/b><\/span><\/h1>\n<\/div><\/div><\/div><\/div><\/div><div id=\"pg-10787-3\"  class=\"panel-grid panel-no-style\" ><div id=\"pgc-10787-3-0\"  class=\"panel-grid-cell\" ><div id=\"panel-10787-3-0-0\" class=\"so-panel widget widget_black-studio-tinymce widget_black_studio_tinymce panel-first-child panel-last-child\" data-index=\"4\" ><div class=\"textwidget\"><p><div class=\"arve alignleft\" data-mode=\"normal\" data-oembed=\"1\" data-provider=\"youtube\" id=\"arve-youtube-7ismdhxcrt8\" style=\"max-width:320px;\">\n<div class=\"arve-inner\">\n<div class=\"arve-embed arve-embed--has-aspect-ratio\">\n<span class=\"arve-ar\" style=\"padding-top:56.250000%\"><\/span><iframe credentialless referrerpolicy=\"strict-origin-when-cross-origin\" allow=\"accelerometer &#039;none&#039;;ambient-light-sensor &#039;none&#039;;autoplay &#039;none&#039;;battery &#039;none&#039;;bluetooth &#039;none&#039;;browsing-topics &#039;none&#039;;camera &#039;none&#039;;ch-ua &#039;none&#039;;clipboard-read &#039;none&#039;;clipboard-write;display-capture &#039;none&#039;;document-domain &#039;none&#039;;domain-agent &#039;none&#039;;encrypted-media &#039;none&#039;;execution-while-not-rendered &#039;none&#039;;execution-while-out-of-viewport &#039;none&#039;;gamepad &#039;none&#039;;geolocation &#039;none&#039;;gyroscope &#039;none&#039;;hid &#039;none&#039;;identity-credentials-get &#039;none&#039;;idle-detection &#039;none&#039;;keyboard-map &#039;none&#039;;local-fonts &#039;none&#039;;magnetometer &#039;none&#039;;microphone &#039;none&#039;;midi &#039;none&#039;;navigation-override &#039;none&#039;;otp-credentials &#039;none&#039;;payment &#039;none&#039;;picture-in-picture;publickey-credentials-create &#039;none&#039;;publickey-credentials-get &#039;none&#039;;screen-wake-lock &#039;none&#039;;serial &#039;none&#039;;speaker-selection;sync-xhr &#039;none&#039;;usb &#039;none&#039;;web-share;window-management &#039;none&#039;;xr-spatial-tracking &#039;none&#039;;\" allowfullscreen class=\"arve-iframe fitvidsignore\" data-arve=\"arve-youtube-7ismdhxcrt8\" data-src-no-ap=\"https:\/\/www.youtube.com\/embed\/7IsmdHXCRt8?feature=oembed&amp;iv_load_policy=3&amp;modestbranding=1&amp;rel=0&amp;autohide=1&amp;playsinline=0&amp;autoplay=0\" frameborder=\"0\" height=\"180\" name sandbox=\"allow-scripts allow-same-origin allow-presentation allow-popups allow-popups-to-escape-sandbox\" scrolling=\"no\" src=\"https:\/\/www.youtube.com\/embed\/7IsmdHXCRt8?feature=oembed&#038;iv_load_policy=3&#038;modestbranding=1&#038;rel=0&#038;autohide=1&#038;playsinline=0&#038;autoplay=0\" width=\"320\" title loading=\"lazy\"><\/iframe>\n\n<\/div>\n\n<\/div>\n<script type=\"application\/ld+json\">{\"@context\":\"http:\\\/\\\/schema.org\\\/\",\"@id\":\"http:\\\/\\\/projetoredes.org\\\/wp\\\/?page_id=10787#arve-youtube-7ismdhxcrt8\",\"type\":\"VideoObject\",\"embedURL\":\"https:\\\/\\\/www.youtube.com\\\/embed\\\/7IsmdHXCRt8?feature=oembed&iv_load_policy=3&modestbranding=1&rel=0&autohide=1&playsinline=0&autoplay=0\"}<\/script>\n<\/div>\n<\/p>\n<p>&nbsp;<\/p>\n<\/div><\/div><\/div><div id=\"pgc-10787-3-1\"  class=\"panel-grid-cell\" ><div id=\"panel-10787-3-1-0\" class=\"so-panel widget widget_black-studio-tinymce widget_black_studio_tinymce panel-first-child panel-last-child\" data-index=\"5\" ><div class=\"textwidget\"><p>&nbsp;<\/p>\n<p>O dia 14 de mar\u00e7o \u00e9 conhecido mundialmente pelo dia do pi \u03c0 mas tamb\u00e9m pelo dia internacional da matem\u00e1tica cujo tema deste ano \u00e9 \u201cA Matem\u00e1tica Una\u201d.<\/p>\n<\/div><\/div><\/div><\/div><\/div>","protected":false},"excerpt":{"rendered":"<p>Atualizado em 14 de mar\u00e7o de 2022 MATEM\u00c1TICA Todos os materiais foram constru\u00eddos pelo Projeto REDES.<\/p>\n","protected":false},"author":2,"featured_media":0,"parent":0,"menu_order":0,"comment_status":"closed","ping_status":"closed","template":"full-width-page.php","meta":{"footnotes":""},"_links":{"self":[{"href":"http:\/\/projetoredes.org\/wp\/index.php?rest_route=\/wp\/v2\/pages\/10787"}],"collection":[{"href":"http:\/\/projetoredes.org\/wp\/index.php?rest_route=\/wp\/v2\/pages"}],"about":[{"href":"http:\/\/projetoredes.org\/wp\/index.php?rest_route=\/wp\/v2\/types\/page"}],"author":[{"embeddable":true,"href":"http:\/\/projetoredes.org\/wp\/index.php?rest_route=\/wp\/v2\/users\/2"}],"replies":[{"embeddable":true,"href":"http:\/\/projetoredes.org\/wp\/index.php?rest_route=%2Fwp%2Fv2%2Fcomments&post=10787"}],"version-history":[{"count":11,"href":"http:\/\/projetoredes.org\/wp\/index.php?rest_route=\/wp\/v2\/pages\/10787\/revisions"}],"predecessor-version":[{"id":10806,"href":"http:\/\/projetoredes.org\/wp\/index.php?rest_route=\/wp\/v2\/pages\/10787\/revisions\/10806"}],"wp:attachment":[{"href":"http:\/\/projetoredes.org\/wp\/index.php?rest_route=%2Fwp%2Fv2%2Fmedia&parent=10787"}],"curies":[{"name":"wp","href":"https:\/\/api.w.org\/{rel}","templated":true}]}}