{"id":849,"date":"2015-08-08T22:45:27","date_gmt":"2015-08-08T21:45:27","guid":{"rendered":"http:\/\/projetoredes.org\/wp\/?page_id=849"},"modified":"2024-09-26T10:45:56","modified_gmt":"2024-09-26T10:45:56","slug":"objetos","status":"publish","type":"page","link":"http:\/\/projetoredes.org\/wp\/?page_id=849","title":{"rendered":"Equipamentos"},"content":{"rendered":"<div id=\"pl-849\"  class=\"panel-layout\" ><div id=\"pg-849-0\"  class=\"panel-grid panel-no-style\" ><div id=\"pgc-849-0-0\"  class=\"panel-grid-cell\" ><div id=\"panel-849-0-0-0\" class=\"so-panel widget widget_black-studio-tinymce widget_black_studio_tinymce panel-first-child panel-last-child\" data-index=\"0\" ><div class=\"textwidget\"><h3>Atualizado em 23 de novembro de 2022<\/h3>\n<\/div><\/div><\/div><\/div><div id=\"pg-849-1\"  class=\"panel-grid panel-no-style\" ><div id=\"pgc-849-1-0\"  class=\"panel-grid-cell\" ><div id=\"panel-849-1-0-0\" class=\"so-panel widget widget_black-studio-tinymce widget_black_studio_tinymce panel-first-child panel-last-child\" data-index=\"1\" ><div class=\"panel-widget-style panel-widget-style-for-849-1-0-0\" ><div class=\"textwidget\"><h1><span style=\"color: #ffffff;\"><b>EQUIPAMENTOS E OBJETOS<\/b><\/span><\/h1>\n<\/div><\/div><\/div><\/div><\/div><div id=\"pg-849-2\"  class=\"panel-grid panel-no-style\" ><div id=\"pgc-849-2-0\"  class=\"panel-grid-cell\" ><div id=\"panel-849-2-0-0\" class=\"so-panel widget widget_black-studio-tinymce widget_black_studio_tinymce panel-first-child panel-last-child\" data-index=\"2\" ><div class=\"textwidget\"><p><div class=\"arve alignleft\" data-mode=\"normal\" data-oembed=\"1\" data-provider=\"youtube\" id=\"arve-youtube-jcei9lcyqcg\" style=\"max-width:280px;\">\n<div class=\"arve-inner\">\n<div class=\"arve-embed arve-embed--has-aspect-ratio\">\n<span class=\"arve-ar\" style=\"padding-top:56.250000%\"><\/span><iframe credentialless referrerpolicy=\"strict-origin-when-cross-origin\" allow=\"accelerometer &#039;none&#039;;ambient-light-sensor &#039;none&#039;;autoplay &#039;none&#039;;battery &#039;none&#039;;bluetooth &#039;none&#039;;browsing-topics &#039;none&#039;;camera &#039;none&#039;;ch-ua &#039;none&#039;;clipboard-read &#039;none&#039;;clipboard-write;display-capture &#039;none&#039;;document-domain &#039;none&#039;;domain-agent &#039;none&#039;;encrypted-media &#039;none&#039;;execution-while-not-rendered &#039;none&#039;;execution-while-out-of-viewport &#039;none&#039;;gamepad &#039;none&#039;;geolocation &#039;none&#039;;gyroscope &#039;none&#039;;hid &#039;none&#039;;identity-credentials-get &#039;none&#039;;idle-detection &#039;none&#039;;keyboard-map &#039;none&#039;;local-fonts &#039;none&#039;;magnetometer &#039;none&#039;;microphone &#039;none&#039;;midi &#039;none&#039;;navigation-override &#039;none&#039;;otp-credentials &#039;none&#039;;payment &#039;none&#039;;picture-in-picture;publickey-credentials-create &#039;none&#039;;publickey-credentials-get &#039;none&#039;;screen-wake-lock &#039;none&#039;;serial &#039;none&#039;;speaker-selection;sync-xhr &#039;none&#039;;usb &#039;none&#039;;web-share;window-management &#039;none&#039;;xr-spatial-tracking &#039;none&#039;;\" allowfullscreen class=\"arve-iframe fitvidsignore\" data-arve=\"arve-youtube-jcei9lcyqcg\" data-src-no-ap=\"https:\/\/www.youtube.com\/embed\/jcEI9lcyqcg?feature=oembed&amp;iv_load_policy=3&amp;modestbranding=1&amp;rel=0&amp;autohide=1&amp;playsinline=0&amp;autoplay=0\" frameborder=\"0\" height=\"157.5\" name sandbox=\"allow-scripts allow-same-origin allow-presentation allow-popups allow-popups-to-escape-sandbox\" scrolling=\"no\" src=\"https:\/\/www.youtube.com\/embed\/jcEI9lcyqcg?feature=oembed&#038;iv_load_policy=3&#038;modestbranding=1&#038;rel=0&#038;autohide=1&#038;playsinline=0&#038;autoplay=0\" width=\"280\" title loading=\"lazy\"><\/iframe>\n\n<\/div>\n\n<\/div>\n<script type=\"application\/ld+json\">{\"@context\":\"http:\\\/\\\/schema.org\\\/\",\"@id\":\"http:\\\/\\\/projetoredes.org\\\/wp\\\/?page_id=849#arve-youtube-jcei9lcyqcg\",\"type\":\"VideoObject\",\"embedURL\":\"https:\\\/\\\/www.youtube.com\\\/embed\\\/jcEI9lcyqcg?feature=oembed&iv_load_policy=3&modestbranding=1&rel=0&autohide=1&playsinline=0&autoplay=0\"}<\/script>\n<\/div>\n<\/p>\n<\/div><\/div><\/div><div id=\"pgc-849-2-1\"  class=\"panel-grid-cell\" ><div id=\"panel-849-2-1-0\" class=\"so-panel widget widget_black-studio-tinymce widget_black_studio_tinymce panel-first-child panel-last-child\" data-index=\"3\" ><div class=\"textwidget\"><p>Neste <a href=\"http:\/\/projetoredes.org\/wp\/wp-content\/uploads\/Terapia-da-Fala_MES.pdf\">documento<\/a> s\u00e3o apresentados alguns dos equipamentos utilizados, antigamente, para treino\/avalia\u00e7\u00e3o de fala e de audi\u00e7\u00e3o.<\/p>\n<\/div><\/div><\/div><\/div><div id=\"pg-849-3\"  class=\"panel-grid panel-no-style\" ><div id=\"pgc-849-3-0\"  class=\"panel-grid-cell\" ><div id=\"panel-849-3-0-0\" class=\"so-panel widget widget_black-studio-tinymce widget_black_studio_tinymce panel-first-child panel-last-child\" data-index=\"4\" ><div class=\"panel-widget-style panel-widget-style-for-849-3-0-0\" ><div class=\"textwidget\"><h1><span style=\"color: #ffffff;\"><b>Exposi\u00e7\u00e3o no Dia da Educa\u00e7\u00e3o de Surdos (2013)<\/b><\/span><\/h1>\n<\/div><\/div><\/div><\/div><\/div><div id=\"pg-849-4\"  class=\"panel-grid panel-no-style\" ><div id=\"pgc-849-4-0\"  class=\"panel-grid-cell\" ><div id=\"panel-849-4-0-0\" class=\"so-panel widget widget_black-studio-tinymce widget_black_studio_tinymce panel-first-child panel-last-child\" data-index=\"5\" ><div class=\"textwidget\"><p><div class=\"arve alignleft\" data-mode=\"normal\" data-oembed=\"1\" data-provider=\"youtube\" id=\"arve-youtube-ka-ms7ax7eq\" style=\"max-width:280px;\">\n<div class=\"arve-inner\">\n<div class=\"arve-embed arve-embed--has-aspect-ratio\">\n<span class=\"arve-ar\" style=\"padding-top:56.250000%\"><\/span><iframe credentialless referrerpolicy=\"strict-origin-when-cross-origin\" allow=\"accelerometer &#039;none&#039;;ambient-light-sensor &#039;none&#039;;autoplay &#039;none&#039;;battery &#039;none&#039;;bluetooth &#039;none&#039;;browsing-topics &#039;none&#039;;camera &#039;none&#039;;ch-ua &#039;none&#039;;clipboard-read &#039;none&#039;;clipboard-write;display-capture &#039;none&#039;;document-domain &#039;none&#039;;domain-agent &#039;none&#039;;encrypted-media &#039;none&#039;;execution-while-not-rendered &#039;none&#039;;execution-while-out-of-viewport &#039;none&#039;;gamepad &#039;none&#039;;geolocation &#039;none&#039;;gyroscope &#039;none&#039;;hid &#039;none&#039;;identity-credentials-get &#039;none&#039;;idle-detection &#039;none&#039;;keyboard-map &#039;none&#039;;local-fonts &#039;none&#039;;magnetometer &#039;none&#039;;microphone &#039;none&#039;;midi &#039;none&#039;;navigation-override &#039;none&#039;;otp-credentials &#039;none&#039;;payment &#039;none&#039;;picture-in-picture;publickey-credentials-create &#039;none&#039;;publickey-credentials-get &#039;none&#039;;screen-wake-lock &#039;none&#039;;serial &#039;none&#039;;speaker-selection;sync-xhr &#039;none&#039;;usb &#039;none&#039;;web-share;window-management &#039;none&#039;;xr-spatial-tracking &#039;none&#039;;\" allowfullscreen class=\"arve-iframe fitvidsignore\" data-arve=\"arve-youtube-ka-ms7ax7eq\" data-src-no-ap=\"https:\/\/www.youtube.com\/embed\/ka-mS7Ax7EQ?feature=oembed&amp;iv_load_policy=3&amp;modestbranding=1&amp;rel=0&amp;autohide=1&amp;playsinline=0&amp;autoplay=0\" frameborder=\"0\" height=\"157.5\" name sandbox=\"allow-scripts allow-same-origin allow-presentation allow-popups allow-popups-to-escape-sandbox\" scrolling=\"no\" src=\"https:\/\/www.youtube.com\/embed\/ka-mS7Ax7EQ?feature=oembed&#038;iv_load_policy=3&#038;modestbranding=1&#038;rel=0&#038;autohide=1&#038;playsinline=0&#038;autoplay=0\" width=\"280\" title loading=\"lazy\"><\/iframe>\n\n<\/div>\n\n<\/div>\n<script type=\"application\/ld+json\">{\"@context\":\"http:\\\/\\\/schema.org\\\/\",\"@id\":\"http:\\\/\\\/projetoredes.org\\\/wp\\\/?page_id=849#arve-youtube-ka-ms7ax7eq\",\"type\":\"VideoObject\",\"embedURL\":\"https:\\\/\\\/www.youtube.com\\\/embed\\\/ka-mS7Ax7EQ?feature=oembed&iv_load_policy=3&modestbranding=1&rel=0&autohide=1&playsinline=0&autoplay=0\"}<\/script>\n<\/div>\n<\/p>\n<\/div><\/div><\/div><div id=\"pgc-849-4-1\"  class=\"panel-grid-cell\" ><div id=\"panel-849-4-1-0\" class=\"so-panel widget widget_black-studio-tinymce widget_black_studio_tinymce panel-first-child panel-last-child\" data-index=\"6\" ><div class=\"textwidget\"><p style=\"text-align: left;\"><span class=\"\" style=\"display:block;clear:both;height: 0px;padding-top: 20px;border-top-width:0px;border-bottom-width:0px;\"><\/span>No dia 23 de abril de 2013 foi organizada uma exposi\u00e7\u00e3o com materiais antigos, armazenados na Escola B\u00e1sica Eug\u00e9nio de Andrade, e que evocam v\u00e1rios momentos da hist\u00f3ria da educa\u00e7\u00e3o de Surdos.<br \/>\nVeja a exposi\u00e7\u00e3o guiada pela docente de LGP Andreia Vreia com tradu\u00e7\u00e3o, para voz, da int\u00e9rprete de LGP Sara Sousa<\/p>\n<\/div><\/div><\/div><\/div><div id=\"pg-849-5\"  class=\"panel-grid panel-no-style\" ><div id=\"pgc-849-5-0\"  class=\"panel-grid-cell\" ><div id=\"panel-849-5-0-0\" class=\"so-panel widget widget_black-studio-tinymce widget_black_studio_tinymce panel-first-child panel-last-child\" data-index=\"7\" ><div class=\"panel-widget-style panel-widget-style-for-849-5-0-0\" ><div class=\"textwidget\"><h1><span style=\"color: #ffffff;\"><b>Equipamentos antigos para terapia da fala<\/b><\/span><\/h1>\n<\/div><\/div><\/div><\/div><\/div><div id=\"pg-849-6\"  class=\"panel-grid panel-no-style\" ><div id=\"pgc-849-6-0\"  class=\"panel-grid-cell\" ><div id=\"panel-849-6-0-0\" class=\"so-panel widget widget_black-studio-tinymce widget_black_studio_tinymce panel-first-child panel-last-child\" data-index=\"8\" ><div class=\"textwidget\"><p><div class=\"arve alignleft\" data-mode=\"normal\" data-oembed=\"1\" data-provider=\"youtube\" id=\"arve-youtube-3oghevhinvm\" style=\"max-width:280px;\">\n<div class=\"arve-inner\">\n<div class=\"arve-embed arve-embed--has-aspect-ratio\">\n<span class=\"arve-ar\" style=\"padding-top:56.250000%\"><\/span><iframe credentialless referrerpolicy=\"strict-origin-when-cross-origin\" allow=\"accelerometer &#039;none&#039;;ambient-light-sensor &#039;none&#039;;autoplay &#039;none&#039;;battery &#039;none&#039;;bluetooth &#039;none&#039;;browsing-topics &#039;none&#039;;camera &#039;none&#039;;ch-ua &#039;none&#039;;clipboard-read &#039;none&#039;;clipboard-write;display-capture &#039;none&#039;;document-domain &#039;none&#039;;domain-agent &#039;none&#039;;encrypted-media &#039;none&#039;;execution-while-not-rendered &#039;none&#039;;execution-while-out-of-viewport &#039;none&#039;;gamepad &#039;none&#039;;geolocation &#039;none&#039;;gyroscope &#039;none&#039;;hid &#039;none&#039;;identity-credentials-get &#039;none&#039;;idle-detection &#039;none&#039;;keyboard-map &#039;none&#039;;local-fonts &#039;none&#039;;magnetometer &#039;none&#039;;microphone &#039;none&#039;;midi &#039;none&#039;;navigation-override &#039;none&#039;;otp-credentials &#039;none&#039;;payment &#039;none&#039;;picture-in-picture;publickey-credentials-create &#039;none&#039;;publickey-credentials-get &#039;none&#039;;screen-wake-lock &#039;none&#039;;serial &#039;none&#039;;speaker-selection;sync-xhr &#039;none&#039;;usb &#039;none&#039;;web-share;window-management &#039;none&#039;;xr-spatial-tracking &#039;none&#039;;\" allowfullscreen class=\"arve-iframe fitvidsignore\" data-arve=\"arve-youtube-3oghevhinvm\" data-src-no-ap=\"https:\/\/www.youtube.com\/embed\/3oGHEvhinVM?feature=oembed&amp;iv_load_policy=3&amp;modestbranding=1&amp;rel=0&amp;autohide=1&amp;playsinline=0&amp;autoplay=0\" frameborder=\"0\" height=\"157.5\" name sandbox=\"allow-scripts allow-same-origin allow-presentation allow-popups allow-popups-to-escape-sandbox\" scrolling=\"no\" src=\"https:\/\/www.youtube.com\/embed\/3oGHEvhinVM?feature=oembed&#038;iv_load_policy=3&#038;modestbranding=1&#038;rel=0&#038;autohide=1&#038;playsinline=0&#038;autoplay=0\" width=\"280\" title loading=\"lazy\"><\/iframe>\n\n<\/div>\n\n<\/div>\n<script type=\"application\/ld+json\">{\"@context\":\"http:\\\/\\\/schema.org\\\/\",\"@id\":\"http:\\\/\\\/projetoredes.org\\\/wp\\\/?page_id=849#arve-youtube-3oghevhinvm\",\"type\":\"VideoObject\",\"embedURL\":\"https:\\\/\\\/www.youtube.com\\\/embed\\\/3oGHEvhinVM?feature=oembed&iv_load_policy=3&modestbranding=1&rel=0&autohide=1&playsinline=0&autoplay=0\"}<\/script>\n<\/div>\n<br \/>\n<span class=\"aprender-cabe\u00e7alho\"><strong>Entrevista a Bruno Coimbra<\/strong><br \/>\n(terapeuta da fala no Agrupamento Eug\u00e9nio de Andrade<\/span><br \/>\n<span class=\"aprender-cabe\u00e7alho\"><strong>Autoria: <\/strong>Joana Santos, Alexandra Perry, Sandra Castanho, Sofia Quintas, In\u00eas Carvalho<\/span><br \/>\n<span class=\"aprender-cabe\u00e7alho\">Gravada na EB Eug\u00e9nio de Andrade<\/span><br \/>\n<span class=\"aprender-cabe\u00e7alho\">\u00a9 REDES\/ 2015<\/span><\/p>\n<\/div><\/div><\/div><div id=\"pgc-849-6-1\"  class=\"panel-grid-cell panel-grid-cell-mobile-last\" ><div id=\"panel-849-6-1-0\" class=\"so-panel widget widget_black-studio-tinymce widget_black_studio_tinymce panel-first-child panel-last-child\" data-index=\"9\" ><div class=\"textwidget\"><p><div class=\"arve alignleft\" data-mode=\"normal\" data-oembed=\"1\" data-provider=\"youtube\" id=\"arve-youtube-4pco2z1yzlk\" style=\"max-width:280px;\">\n<div class=\"arve-inner\">\n<div class=\"arve-embed arve-embed--has-aspect-ratio\">\n<span class=\"arve-ar\" style=\"padding-top:56.250000%\"><\/span><iframe credentialless referrerpolicy=\"strict-origin-when-cross-origin\" allow=\"accelerometer &#039;none&#039;;ambient-light-sensor &#039;none&#039;;autoplay &#039;none&#039;;battery &#039;none&#039;;bluetooth &#039;none&#039;;browsing-topics &#039;none&#039;;camera &#039;none&#039;;ch-ua &#039;none&#039;;clipboard-read &#039;none&#039;;clipboard-write;display-capture &#039;none&#039;;document-domain &#039;none&#039;;domain-agent &#039;none&#039;;encrypted-media &#039;none&#039;;execution-while-not-rendered &#039;none&#039;;execution-while-out-of-viewport &#039;none&#039;;gamepad &#039;none&#039;;geolocation &#039;none&#039;;gyroscope &#039;none&#039;;hid &#039;none&#039;;identity-credentials-get &#039;none&#039;;idle-detection &#039;none&#039;;keyboard-map &#039;none&#039;;local-fonts &#039;none&#039;;magnetometer &#039;none&#039;;microphone &#039;none&#039;;midi &#039;none&#039;;navigation-override &#039;none&#039;;otp-credentials &#039;none&#039;;payment &#039;none&#039;;picture-in-picture;publickey-credentials-create &#039;none&#039;;publickey-credentials-get &#039;none&#039;;screen-wake-lock &#039;none&#039;;serial &#039;none&#039;;speaker-selection;sync-xhr &#039;none&#039;;usb &#039;none&#039;;web-share;window-management &#039;none&#039;;xr-spatial-tracking &#039;none&#039;;\" allowfullscreen class=\"arve-iframe fitvidsignore\" data-arve=\"arve-youtube-4pco2z1yzlk\" data-src-no-ap=\"https:\/\/www.youtube.com\/embed\/4pco2Z1yZLk?feature=oembed&amp;iv_load_policy=3&amp;modestbranding=1&amp;rel=0&amp;autohide=1&amp;playsinline=0&amp;autoplay=0\" frameborder=\"0\" height=\"157.5\" name sandbox=\"allow-scripts allow-same-origin allow-presentation allow-popups allow-popups-to-escape-sandbox\" scrolling=\"no\" src=\"https:\/\/www.youtube.com\/embed\/4pco2Z1yZLk?feature=oembed&#038;iv_load_policy=3&#038;modestbranding=1&#038;rel=0&#038;autohide=1&#038;playsinline=0&#038;autoplay=0\" width=\"280\" title loading=\"lazy\"><\/iframe>\n\n<\/div>\n\n<\/div>\n<script type=\"application\/ld+json\">{\"@context\":\"http:\\\/\\\/schema.org\\\/\",\"@id\":\"http:\\\/\\\/projetoredes.org\\\/wp\\\/?page_id=849#arve-youtube-4pco2z1yzlk\",\"type\":\"VideoObject\",\"embedURL\":\"https:\\\/\\\/www.youtube.com\\\/embed\\\/4pco2Z1yZLk?feature=oembed&iv_load_policy=3&modestbranding=1&rel=0&autohide=1&playsinline=0&autoplay=0\"}<\/script>\n<\/div>\n<br \/>\n<span class=\"aprender-cabe\u00e7alho\"><strong>Entrevista a Carlos Afonso<\/strong><br \/>\n(coordenador do Departamento de Educa\u00e7\u00e3o especial do Agrupamento Eug\u00e9nio de Andrade entre 2008 e 2019)<\/span><br \/>\n<span class=\"aprender-cabe\u00e7alho\"><strong>Autoria: <\/strong>Bruno Coimbra, Joana Santos<\/span><br \/>\n<span class=\"aprender-cabe\u00e7alho\">Gravada na EB Eug\u00e9nio de Andrade<\/span><br \/>\n<span class=\"aprender-cabe\u00e7alho\">\u00a9 REDES\/ 2019<\/span><\/p>\n<\/div><\/div><\/div><div id=\"pgc-849-6-2\"  class=\"panel-grid-cell panel-grid-cell-empty\" ><\/div><\/div><\/div>","protected":false},"excerpt":{"rendered":"<p>Atualizado em 23 de novembro de 2022 EQUIPAMENTOS E OBJETOS<\/p>\n","protected":false},"author":2,"featured_media":0,"parent":167,"menu_order":0,"comment_status":"closed","ping_status":"closed","template":"full-width-page.php","meta":{"footnotes":""},"_links":{"self":[{"href":"http:\/\/projetoredes.org\/wp\/index.php?rest_route=\/wp\/v2\/pages\/849"}],"collection":[{"href":"http:\/\/projetoredes.org\/wp\/index.php?rest_route=\/wp\/v2\/pages"}],"about":[{"href":"http:\/\/projetoredes.org\/wp\/index.php?rest_route=\/wp\/v2\/types\/page"}],"author":[{"embeddable":true,"href":"http:\/\/projetoredes.org\/wp\/index.php?rest_route=\/wp\/v2\/users\/2"}],"replies":[{"embeddable":true,"href":"http:\/\/projetoredes.org\/wp\/index.php?rest_route=%2Fwp%2Fv2%2Fcomments&post=849"}],"version-history":[{"count":34,"href":"http:\/\/projetoredes.org\/wp\/index.php?rest_route=\/wp\/v2\/pages\/849\/revisions"}],"predecessor-version":[{"id":11972,"href":"http:\/\/projetoredes.org\/wp\/index.php?rest_route=\/wp\/v2\/pages\/849\/revisions\/11972"}],"up":[{"embeddable":true,"href":"http:\/\/projetoredes.org\/wp\/index.php?rest_route=\/wp\/v2\/pages\/167"}],"wp:attachment":[{"href":"http:\/\/projetoredes.org\/wp\/index.php?rest_route=%2Fwp%2Fv2%2Fmedia&parent=849"}],"curies":[{"name":"wp","href":"https:\/\/api.w.org\/{rel}","templated":true}]}}