{"id":9968,"date":"2021-07-22T14:59:54","date_gmt":"2021-07-22T14:59:54","guid":{"rendered":"http:\/\/projetoredes.org\/wp\/?page_id=9968"},"modified":"2024-02-05T11:39:03","modified_gmt":"2024-02-05T11:39:03","slug":"referencias","status":"publish","type":"page","link":"http:\/\/projetoredes.org\/wp\/?page_id=9968","title":{"rendered":"Refer\u00eancias"},"content":{"rendered":"<div id=\"pl-9968\"  class=\"panel-layout\" ><div id=\"pg-9968-0\"  class=\"panel-grid panel-no-style\" ><div id=\"pgc-9968-0-0\"  class=\"panel-grid-cell\" ><div id=\"panel-9968-0-0-0\" class=\"so-panel widget widget_black-studio-tinymce widget_black_studio_tinymce panel-first-child panel-last-child\" data-index=\"0\" ><div class=\"textwidget\"><h3>Atualizado em 5 de fevereiro de 2024<\/h3>\n<\/div><\/div><\/div><\/div><div id=\"pg-9968-1\"  class=\"panel-grid panel-no-style\" ><div id=\"pgc-9968-1-0\"  class=\"panel-grid-cell\" ><div id=\"panel-9968-1-0-0\" class=\"so-panel widget widget_black-studio-tinymce widget_black_studio_tinymce panel-first-child panel-last-child\" data-index=\"1\" ><div class=\"panel-widget-style panel-widget-style-for-9968-1-0-0\" ><div class=\"textwidget\"><h1><span style=\"color: #ffffff;\"><b>REFER\u00caNCIAS NA EDUCA\u00c7\u00c3O DE SURDOS<\/b><\/span><\/h1>\n<\/div><\/div><\/div><\/div><\/div><div id=\"pg-9968-2\"  class=\"panel-grid panel-no-style\" ><div id=\"pgc-9968-2-0\"  class=\"panel-grid-cell\" ><div id=\"panel-9968-2-0-0\" class=\"so-panel widget widget_black-studio-tinymce widget_black_studio_tinymce panel-first-child panel-last-child\" data-index=\"2\" ><div class=\"textwidget\"><p><div class=\"arve alignleft\" data-mode=\"normal\" data-provider=\"youtube\" id=\"arve-youtube-uituffpr9va\" style=\"max-width:280px;\">\n<div class=\"arve-inner\">\n<div class=\"arve-embed arve-embed--has-aspect-ratio\">\n<span class=\"arve-ar\" style=\"padding-top:56.250000%\"><\/span><iframe credentialless referrerpolicy=\"strict-origin-when-cross-origin\" allow=\"accelerometer &#039;none&#039;;ambient-light-sensor &#039;none&#039;;autoplay &#039;none&#039;;battery &#039;none&#039;;bluetooth &#039;none&#039;;browsing-topics &#039;none&#039;;camera &#039;none&#039;;ch-ua &#039;none&#039;;clipboard-read &#039;none&#039;;clipboard-write;display-capture &#039;none&#039;;document-domain &#039;none&#039;;domain-agent &#039;none&#039;;encrypted-media &#039;none&#039;;execution-while-not-rendered &#039;none&#039;;execution-while-out-of-viewport &#039;none&#039;;gamepad &#039;none&#039;;geolocation &#039;none&#039;;gyroscope &#039;none&#039;;hid &#039;none&#039;;identity-credentials-get &#039;none&#039;;idle-detection &#039;none&#039;;keyboard-map &#039;none&#039;;local-fonts &#039;none&#039;;magnetometer &#039;none&#039;;microphone &#039;none&#039;;midi &#039;none&#039;;navigation-override &#039;none&#039;;otp-credentials &#039;none&#039;;payment &#039;none&#039;;picture-in-picture;publickey-credentials-create &#039;none&#039;;publickey-credentials-get &#039;none&#039;;screen-wake-lock &#039;none&#039;;serial &#039;none&#039;;speaker-selection;sync-xhr &#039;none&#039;;usb &#039;none&#039;;web-share;window-management &#039;none&#039;;xr-spatial-tracking &#039;none&#039;;\" allowfullscreen class=\"arve-iframe fitvidsignore\" data-arve=\"arve-youtube-uituffpr9va\" data-src-no-ap=\"https:\/\/www.youtube.com\/embed\/UiTUFfPR9vA?iv_load_policy=3&amp;modestbranding=1&amp;rel=0&amp;autohide=1&amp;playsinline=0&amp;autoplay=0\" frameborder=\"0\" height=\"157.5\" name sandbox=\"allow-scripts allow-same-origin allow-presentation allow-popups allow-popups-to-escape-sandbox\" scrolling=\"no\" src=\"https:\/\/www.youtube.com\/embed\/UiTUFfPR9vA?iv_load_policy=3&#038;modestbranding=1&#038;rel=0&#038;autohide=1&#038;playsinline=0&#038;autoplay=0\" width=\"280\" title loading=\"lazy\"><\/iframe>\n\n<\/div>\n\n<\/div>\n<script type=\"application\/ld+json\">{\"@context\":\"http:\\\/\\\/schema.org\\\/\",\"@id\":\"http:\\\/\\\/projetoredes.org\\\/wp\\\/?page_id=9968#arve-youtube-uituffpr9va\",\"type\":\"VideoObject\",\"embedURL\":\"https:\\\/\\\/www.youtube.com\\\/embed\\\/UiTUFfPR9vA?iv_load_policy=3&modestbranding=1&rel=0&autohide=1&playsinline=0&autoplay=0\"}<\/script>\n<\/div>\n<\/p>\n<\/div><\/div><\/div><div id=\"pgc-9968-2-1\"  class=\"panel-grid-cell\" ><div id=\"panel-9968-2-1-0\" class=\"so-panel widget widget_black-studio-tinymce widget_black_studio_tinymce panel-first-child panel-last-child\" data-index=\"3\" ><div class=\"textwidget\"><p><span class=\"\" style=\"display:block;clear:both;height: 0px;padding-top: 60px;border-top-width:0px;border-bottom-width:0px;\"><\/span>Espa\u00e7o para homenagear aqueles cuja carreira profissional e\/ou contributos tiveram impacto no percurso da Escola de Paranhos, at\u00e9 aos nossos dias.<\/p>\n<\/div><\/div><\/div><\/div><div id=\"pg-9968-3\"  class=\"panel-grid panel-no-style\" ><div id=\"pgc-9968-3-0\"  class=\"panel-grid-cell\" ><div id=\"panel-9968-3-0-0\" class=\"so-panel widget widget_black-studio-tinymce widget_black_studio_tinymce panel-first-child panel-last-child\" data-index=\"4\" ><div class=\"panel-widget-style panel-widget-style-for-9968-3-0-0\" ><div class=\"textwidget\"><\/div><\/div><\/div><\/div><\/div><div id=\"pg-9968-4\"  class=\"panel-grid panel-no-style\" ><div id=\"pgc-9968-4-0\"  class=\"panel-grid-cell\" ><div id=\"panel-9968-4-0-0\" class=\"so-panel widget widget_black-studio-tinymce widget_black_studio_tinymce panel-first-child panel-last-child\" data-index=\"5\" ><div class=\"textwidget\"><p><a href=\"http:\/\/projetoredes.org\/wp\/wp-content\/uploads\/vieira-removebg-preview-1-1-e1684936360691.png\"><img decoding=\"async\" class=\"alignleft wp-image-10222 size-thumbnail\" src=\"http:\/\/projetoredes.org\/wp\/wp-content\/uploads\/vieira-removebg-preview-1-1-e1684936360691-150x150.png\" alt=\"\" width=\"150\" height=\"150\" \/><\/a><br \/>\n<span class=\"aprender-cabe\u00e7alho\"><strong><a href=\"http:\/\/projetoredes.org\/wp\/?p=10124\">Ant\u00f3nio Vieira Ferreira<\/a> <\/strong><\/span><\/strong><\/p>\n<\/div><\/div><\/div><div id=\"pgc-9968-4-1\"  class=\"panel-grid-cell\" ><div id=\"panel-9968-4-1-0\" class=\"so-panel widget widget_black-studio-tinymce widget_black_studio_tinymce panel-first-child panel-last-child\" data-index=\"6\" ><div class=\"textwidget\"><p><a href=\"http:\/\/projetoredes.org\/wp\/wp-content\/uploads\/2023\/05\/carlos-ferreira.png\"><img decoding=\"async\" class=\"alignleft wp-image-11343\" src=\"http:\/\/projetoredes.org\/wp\/wp-content\/uploads\/2023\/05\/carlos-ferreira.png\" alt=\"\" width=\"180\" height=\"160\" \/><\/a><span class=\"aprender-cabe\u00e7alho\"><strong><a href=\"http:\/\/projetoredes.org\/wp\/?p=10136\">Carlos Ferreira<\/a><\/strong><\/span><\/p>\n<\/div><\/div><\/div><div id=\"pgc-9968-4-2\"  class=\"panel-grid-cell\" ><div id=\"panel-9968-4-2-0\" class=\"so-panel widget widget_black-studio-tinymce widget_black_studio_tinymce panel-first-child panel-last-child\" data-index=\"7\" ><div class=\"textwidget\"><p><a href=\"http:\/\/projetoredes.org\/wp\/wp-content\/uploads\/jacinta-removebg-preview-1.png\"><img decoding=\"async\" class=\"alignleft wp-image-10221 size-thumbnail\" src=\"http:\/\/projetoredes.org\/wp\/wp-content\/uploads\/jacinta-removebg-preview-1-150x150.png\" alt=\"\" width=\"150\" height=\"150\" srcset=\"http:\/\/projetoredes.org\/wp\/wp-content\/uploads\/jacinta-removebg-preview-1-150x150.png 150w, http:\/\/projetoredes.org\/wp\/wp-content\/uploads\/jacinta-removebg-preview-1-400x400.png 400w\" sizes=\"(max-width: 150px) 100vw, 150px\" \/><\/a><br \/>\n<span class=\"aprender-cabe\u00e7alho\"><strong><a href=\"http:\/\/projetoredes.org\/wp\/?p=10176\">Jacinta Moura<\/a><\/strong><\/span><\/strong><\/p>\n<\/div><\/div><\/div><div id=\"pgc-9968-4-3\"  class=\"panel-grid-cell\" ><div id=\"panel-9968-4-3-0\" class=\"so-panel widget widget_black-studio-tinymce widget_black_studio_tinymce panel-first-child panel-last-child\" data-index=\"8\" ><div class=\"textwidget\"><p><a href=\"http:\/\/projetoredes.org\/wp\/wp-content\/uploads\/foto1-julia-removebg-preview-e1684936833158.png\"><img loading=\"lazy\" decoding=\"async\" class=\"alignleft wp-image-10231 size-thumbnail\" src=\"http:\/\/projetoredes.org\/wp\/wp-content\/uploads\/foto1-julia-removebg-preview-e1684936833158-150x150.png\" alt=\"\" width=\"150\" height=\"150\" \/><\/a><br \/>\n<strong><span class=\"aprender-cabe\u00e7alho\"><strong><a href=\"http:\/\/projetoredes.org\/wp\/?p=10147\">J\u00falia Maria Rocha<\/a> <\/strong><\/span><\/strong><\/p>\n<\/div><\/div><\/div><\/div><div id=\"pg-9968-5\"  class=\"panel-grid panel-no-style\" ><div id=\"pgc-9968-5-0\"  class=\"panel-grid-cell\" ><div id=\"panel-9968-5-0-0\" class=\"so-panel widget widget_black-studio-tinymce widget_black_studio_tinymce panel-first-child panel-last-child\" data-index=\"9\" ><div class=\"panel-widget-style panel-widget-style-for-9968-5-0-0\" ><div class=\"textwidget\"><\/div><\/div><\/div><\/div><\/div><div id=\"pg-9968-6\"  class=\"panel-grid panel-no-style\" ><div id=\"pgc-9968-6-0\"  class=\"panel-grid-cell\" ><div id=\"panel-9968-6-0-0\" class=\"so-panel widget widget_black-studio-tinymce widget_black_studio_tinymce panel-first-child panel-last-child\" data-index=\"10\" ><div class=\"textwidget\"><p><a href=\"http:\/\/projetoredes.org\/wp\/wp-content\/uploads\/2024\/02\/natalia.jpg\"><img loading=\"lazy\" decoding=\"async\" class=\" wp-image-11668 alignleft\" src=\"http:\/\/projetoredes.org\/wp\/wp-content\/uploads\/2024\/02\/natalia-150x150.jpg\" alt=\"\" width=\"161\" height=\"161\" srcset=\"http:\/\/projetoredes.org\/wp\/wp-content\/uploads\/2024\/02\/natalia-150x150.jpg 150w, http:\/\/projetoredes.org\/wp\/wp-content\/uploads\/2024\/02\/natalia-500x500.jpg 500w, http:\/\/projetoredes.org\/wp\/wp-content\/uploads\/2024\/02\/natalia-400x400.jpg 400w\" sizes=\"(max-width: 161px) 100vw, 161px\" \/><\/a><br \/>\n<span class=\"aprender-cabe\u00e7alho\"><strong><a href=\"http:\/\/projetoredes.org\/wp\/?p=11061\">Nat\u00e1lia Cabral<\/a><\/strong><\/span><\/p>\n<\/div><\/div><\/div><div id=\"pgc-9968-6-1\"  class=\"panel-grid-cell\" ><div id=\"panel-9968-6-1-0\" class=\"so-panel widget widget_black-studio-tinymce widget_black_studio_tinymce panel-first-child panel-last-child\" data-index=\"11\" ><div class=\"textwidget\"><p><a href=\"http:\/\/projetoredes.org\/wp\/wp-content\/uploads\/2023\/05\/nogueira2.jpg\"><img loading=\"lazy\" decoding=\"async\" class=\"alignleft wp-image-11360 size-thumbnail\" src=\"http:\/\/projetoredes.org\/wp\/wp-content\/uploads\/2023\/05\/nogueira2-150x150.jpg\" alt=\"\" width=\"150\" height=\"150\" srcset=\"http:\/\/projetoredes.org\/wp\/wp-content\/uploads\/2023\/05\/nogueira2-150x150.jpg 150w, http:\/\/projetoredes.org\/wp\/wp-content\/uploads\/2023\/05\/nogueira2-500x500.jpg 500w, http:\/\/projetoredes.org\/wp\/wp-content\/uploads\/2023\/05\/nogueira2-400x400.jpg 400w\" sizes=\"(max-width: 150px) 100vw, 150px\" \/><\/a><br \/>\n<span class=\"aprender-cabe\u00e7alho\"><a href=\"http:\/\/projetoredes.org\/wp\/?p=11365\"><strong>Nogueira da Silva<\/strong><\/a><\/span><\/p>\n<\/div><\/div><\/div><div id=\"pgc-9968-6-2\"  class=\"panel-grid-cell\" ><div id=\"panel-9968-6-2-0\" class=\"so-panel widget widget_black-studio-tinymce widget_black_studio_tinymce panel-first-child panel-last-child\" data-index=\"12\" ><div class=\"textwidget\"><p><a href=\"http:\/\/projetoredes.org\/wp\/wp-content\/uploads\/2023\/05\/isabel-amaral.png\"><img loading=\"lazy\" decoding=\"async\" class=\"alignleft wp-image-11376 size-thumbnail\" src=\"http:\/\/projetoredes.org\/wp\/wp-content\/uploads\/2023\/05\/isabel-amaral-150x150.png\" alt=\"\" width=\"150\" height=\"150\" srcset=\"http:\/\/projetoredes.org\/wp\/wp-content\/uploads\/2023\/05\/isabel-amaral-150x150.png 150w, http:\/\/projetoredes.org\/wp\/wp-content\/uploads\/2023\/05\/isabel-amaral.png 300w\" sizes=\"(max-width: 150px) 100vw, 150px\" \/><\/a><br \/>\n<span class=\"aprender-cabe\u00e7alho\"><strong><a href=\"http:\/\/projetoredes.org\/wp\/?p=11439\">Isabel Amaral<\/a><\/strong><\/span><\/p>\n<\/div><\/div><\/div><div id=\"pgc-9968-6-3\"  class=\"panel-grid-cell\" ><div id=\"panel-9968-6-3-0\" class=\"so-panel widget widget_black-studio-tinymce widget_black_studio_tinymce panel-first-child panel-last-child\" data-index=\"13\" ><div class=\"textwidget\"><p><a href=\"http:\/\/projetoredes.org\/wp\/wp-content\/uploads\/2023\/05\/Maria_Augusta_Amaral.jpg\"><img loading=\"lazy\" decoding=\"async\" class=\"alignleft size-thumbnail wp-image-11378\" src=\"http:\/\/projetoredes.org\/wp\/wp-content\/uploads\/2023\/05\/Maria_Augusta_Amaral-150x150.jpg\" alt=\"\" width=\"150\" height=\"150\" srcset=\"http:\/\/projetoredes.org\/wp\/wp-content\/uploads\/2023\/05\/Maria_Augusta_Amaral-150x150.jpg 150w, http:\/\/projetoredes.org\/wp\/wp-content\/uploads\/2023\/05\/Maria_Augusta_Amaral-500x500.jpg 500w, http:\/\/projetoredes.org\/wp\/wp-content\/uploads\/2023\/05\/Maria_Augusta_Amaral-400x400.jpg 400w\" sizes=\"(max-width: 150px) 100vw, 150px\" \/><\/a><br \/>\n<span class=\"aprender-cabe\u00e7alho\"><strong><a href=\"http:\/\/projetoredes.org\/wp\/?p=11482\">Maria Augusta Amaral<\/a><\/strong><\/span><\/p>\n<\/div><\/div><\/div><\/div><div id=\"pg-9968-7\"  class=\"panel-grid panel-no-style\" ><div id=\"pgc-9968-7-0\"  class=\"panel-grid-cell\" ><div id=\"panel-9968-7-0-0\" class=\"so-panel widget widget_black-studio-tinymce widget_black_studio_tinymce panel-first-child panel-last-child\" data-index=\"14\" ><div class=\"panel-widget-style panel-widget-style-for-9968-7-0-0\" ><div class=\"textwidget\"><\/div><\/div><\/div><\/div><\/div><div id=\"pg-9968-8\"  class=\"panel-grid panel-no-style\" ><div id=\"pgc-9968-8-0\"  class=\"panel-grid-cell\" ><div id=\"panel-9968-8-0-0\" class=\"so-panel widget widget_black-studio-tinymce widget_black_studio_tinymce panel-first-child panel-last-child\" data-index=\"15\" ><div class=\"textwidget\"><p><a href=\"http:\/\/projetoredes.org\/wp\/wp-content\/uploads\/2023\/05\/orquidea.jpg\"><img loading=\"lazy\" decoding=\"async\" src=\"http:\/\/projetoredes.org\/wp\/wp-content\/uploads\/2023\/05\/orquidea-150x150.jpg\" alt=\"\" width=\"150\" height=\"150\" class=\"alignleft size-thumbnail wp-image-11379\" srcset=\"http:\/\/projetoredes.org\/wp\/wp-content\/uploads\/2023\/05\/orquidea-150x150.jpg 150w, http:\/\/projetoredes.org\/wp\/wp-content\/uploads\/2023\/05\/orquidea.jpg 187w\" sizes=\"(max-width: 150px) 100vw, 150px\" \/><\/a><br \/>\n<span class=\"aprender-cabe\u00e7alho\"><strong><a href=\"http:\/\/projetoredes.org\/wp\/?p=11493\">Orqu\u00eddea Coelho<\/a><\/strong><\/span><\/p>\n<\/div><\/div><\/div><div id=\"pgc-9968-8-1\"  class=\"panel-grid-cell\" ><div id=\"panel-9968-8-1-0\" class=\"so-panel widget widget_black-studio-tinymce widget_black_studio_tinymce panel-first-child panel-last-child\" data-index=\"16\" ><div class=\"textwidget\"><p><span class=\"aprender-cabe\u00e7alho\"><strong><a href=\"http:\/\/projetoredes.org\/wp\/wp-content\/uploads\/2023\/05\/maria-le.png\"><img loading=\"lazy\" decoding=\"async\" class=\"alignleft size-thumbnail wp-image-11381\" src=\"http:\/\/projetoredes.org\/wp\/wp-content\/uploads\/2023\/05\/maria-le-150x150.png\" alt=\"\" width=\"150\" height=\"150\" srcset=\"http:\/\/projetoredes.org\/wp\/wp-content\/uploads\/2023\/05\/maria-le-150x150.png 150w, http:\/\/projetoredes.org\/wp\/wp-content\/uploads\/2023\/05\/maria-le-500x500.png 500w, http:\/\/projetoredes.org\/wp\/wp-content\/uploads\/2023\/05\/maria-le-400x400.png 400w\" sizes=\"(max-width: 150px) 100vw, 150px\" \/><\/a><br \/>\n<span class=\"aprender-cabe\u00e7alho\"><strong><a href=\"http:\/\/projetoredes.org\/wp\/?p=11498\">Maria L\u00e9<\/a><\/strong><\/span><\/p>\n<\/div><\/div><\/div><div id=\"pgc-9968-8-2\"  class=\"panel-grid-cell panel-grid-cell-empty panel-grid-cell-mobile-last\" ><\/div><div id=\"pgc-9968-8-3\"  class=\"panel-grid-cell panel-grid-cell-empty\" ><\/div><\/div><\/div>","protected":false},"excerpt":{"rendered":"<p>Atualizado em 5 de fevereiro de 2024 REFER\u00caNCIAS NA EDUCA\u00c7\u00c3O DE SURDOS<\/p>\n","protected":false},"author":2,"featured_media":0,"parent":0,"menu_order":0,"comment_status":"closed","ping_status":"closed","template":"full-width-page.php","meta":{"footnotes":""},"_links":{"self":[{"href":"http:\/\/projetoredes.org\/wp\/index.php?rest_route=\/wp\/v2\/pages\/9968"}],"collection":[{"href":"http:\/\/projetoredes.org\/wp\/index.php?rest_route=\/wp\/v2\/pages"}],"about":[{"href":"http:\/\/projetoredes.org\/wp\/index.php?rest_route=\/wp\/v2\/types\/page"}],"author":[{"embeddable":true,"href":"http:\/\/projetoredes.org\/wp\/index.php?rest_route=\/wp\/v2\/users\/2"}],"replies":[{"embeddable":true,"href":"http:\/\/projetoredes.org\/wp\/index.php?rest_route=%2Fwp%2Fv2%2Fcomments&post=9968"}],"version-history":[{"count":48,"href":"http:\/\/projetoredes.org\/wp\/index.php?rest_route=\/wp\/v2\/pages\/9968\/revisions"}],"predecessor-version":[{"id":11669,"href":"http:\/\/projetoredes.org\/wp\/index.php?rest_route=\/wp\/v2\/pages\/9968\/revisions\/11669"}],"wp:attachment":[{"href":"http:\/\/projetoredes.org\/wp\/index.php?rest_route=%2Fwp%2Fv2%2Fmedia&parent=9968"}],"curies":[{"name":"wp","href":"https:\/\/api.w.org\/{rel}","templated":true}]}}